{"id":281,"date":"2021-03-30T15:18:26","date_gmt":"2021-03-30T13:18:26","guid":{"rendered":"https:\/\/www.nethouse.tech\/?page_id=281"},"modified":"2023-01-04T17:26:41","modified_gmt":"2023-01-04T16:26:41","slug":"kontakt","status":"publish","type":"page","link":"https:\/\/www.nethouse.tech\/en\/kontakt\/","title":{"rendered":"Contact"},"content":{"rendered":"<p>[et_pb_section fb_built=&#8221;1&#8243; fullwidth=&#8221;on&#8221; admin_label=&#8221;Header&#8221; _builder_version=&#8221;4.8.1&#8243; use_background_color_gradient=&#8221;on&#8221; background_color_gradient_start=&#8221;rgba(0,0,0,0.02)&#8221; background_color_gradient_end=&#8221;#ffffff&#8221; background_color_gradient_direction=&#8221;163deg&#8221; background_color_gradient_start_position=&#8221;41%&#8221; background_color_gradient_end_position=&#8221;0%&#8221; background_image=&#8221;https:\/\/www.nethouse.tech\/wp-content\/uploads\/2021\/01\/web-dev-03.png&#8221; parallax=&#8221;on&#8221; top_divider_style=&#8221;ramp&#8221; top_divider_color=&#8221;#004AAD&#8221; top_divider_height=&#8221;92px&#8221; top_divider_flip=&#8221;vertical&#8221; animation_style=&#8221;fade&#8221; locked=&#8221;off&#8221;][et_pb_fullwidth_header title=&#8221;Skontaktuj si\u0119 ze mn\u0105&#8221; content_max_width=&#8221;640px&#8221; _builder_version=&#8221;4.8.1&#8243; title_font=&#8221;|900|||||||&#8221; title_font_size=&#8221;40px&#8221; title_line_height=&#8221;1.5em&#8221; content_font=&#8221;||||||||&#8221; content_font_size=&#8221;16px&#8221; content_line_height=&#8221;2em&#8221; background_color=&#8221;rgba(126,190,197,0)&#8221; custom_button_one=&#8221;on&#8221; button_one_text_size=&#8221;14px&#8221; button_one_text_color=&#8221;#ffffff&#8221; button_one_bg_color=&#8221;#0054ff&#8221; button_one_border_width=&#8221;14px&#8221; button_one_border_color=&#8221;rgba(0,0,0,0)&#8221; button_one_border_radius=&#8221;0px&#8221; button_one_letter_spacing=&#8221;2px&#8221; button_one_font=&#8221;|600||on|||||&#8221; button_one_icon=&#8221;%%24%%&#8221; button_one_on_hover=&#8221;off&#8221; custom_button_two=&#8221;on&#8221; button_two_text_size=&#8221;14px&#8221; button_two_text_color=&#8221;#0054ff&#8221; button_two_bg_color=&#8221;rgba(255,255,255,0)&#8221; button_two_border_width=&#8221;12px&#8221; button_two_border_color=&#8221;rgba(0,0,0,0)&#8221; button_two_border_radius=&#8221;0px&#8221; button_two_letter_spacing=&#8221;2px&#8221; button_two_font=&#8221;|600||on|||||&#8221; button_two_icon=&#8221;%%24%%&#8221; button_two_on_hover=&#8221;off&#8221; background_layout=&#8221;light&#8221; custom_margin=&#8221;|||&#8221; custom_padding=&#8221;6vw||6vw||true&#8221; custom_padding_tablet=&#8221;&#8221; custom_padding_phone=&#8221;10vw||0vw||false|false&#8221; custom_padding_last_edited=&#8221;on|phone&#8221; animation_style=&#8221;zoom&#8221; animation_intensity_zoom=&#8221;-5%&#8221; title_font_size_tablet=&#8221;&#8221; title_font_size_phone=&#8221;25px&#8221; title_font_size_last_edited=&#8221;on|desktop&#8221; box_shadow_style_button_two=&#8221;preset1&#8243; box_shadow_vertical_button_two=&#8221;0px&#8221; box_shadow_blur_button_two=&#8221;0px&#8221; box_shadow_spread_button_two=&#8221;2px&#8221; box_shadow_color_button_two=&#8221;#0054ff&#8221; button_one_letter_spacing_hover=&#8221;2px&#8221; button_two_letter_spacing_hover=&#8221;2px&#8221; button_one_text_size__hover_enabled=&#8221;off&#8221; button_two_text_size__hover_enabled=&#8221;off&#8221; button_one_text_color__hover_enabled=&#8221;off&#8221; button_two_text_color__hover_enabled=&#8221;off&#8221; button_one_border_width__hover_enabled=&#8221;off&#8221; button_two_border_width__hover_enabled=&#8221;off&#8221; button_one_border_color__hover_enabled=&#8221;off&#8221; button_two_border_color__hover_enabled=&#8221;off&#8221; button_one_border_radius__hover_enabled=&#8221;off&#8221; button_two_border_radius__hover_enabled=&#8221;off&#8221; button_one_letter_spacing__hover_enabled=&#8221;on&#8221; button_one_letter_spacing__hover=&#8221;2px&#8221; button_two_letter_spacing__hover_enabled=&#8221;on&#8221; button_two_letter_spacing__hover=&#8221;2px&#8221; button_one_bg_color__hover_enabled=&#8221;off&#8221; button_two_bg_color__hover_enabled=&#8221;off&#8221;]<\/p>\n<p>Need a quote? Do you have any questions about the services I offer?<\/p>\n<p>Contact me, I will definitely answer your questions<\/p>\n<p>[\/et_pb_fullwidth_header][\/et_pb_section][et_pb_section fb_built=\u201d1\u2033 admin_label=\u201dContact\u201d _builder_version=\u201d4.8.1\u2033 background_image=\u201dhttps:\/\/www.nethouse.tech\/wp-content\/uploads\/2021\/01\/ web-dev-04.png\u201d parallax=\u201don\u201d custom_padding=\u201d3px|||||\u201d][et_pb_row column_structure=\u201d2_5,3_5\u2033 make_equal=\u201don\u201d padding_top_bottom_link_1=\u201dfalse\u201d padding_top_bottom_link_2=\u201dtrue\u201d padding_left_right_link_2= \u201dtrue\u201d _builder_version=\u201d4.8.1\u2033 custom_margin=\u201d|||\u201d custom_padding=\u201d0|0px|0|0px|true|false\u201d animation_style=\u201dslide\u201d animation_direction=\u201dleft\u201d animation_intensity_slide=\u201d1%\u201d box_shadow_style=\u201dpreset4\u2033 box_shadow_horizontal=\u201d780px\u201d box_shadow_vertical=\u201d0px\u201d box_shadow_color=\u201d#004aad\u201d ][et_pb_column type=\u201d2_5\u2033 _builder_version=\u201d3.25\u2033 custom_padding=\u201d80px||40px|\u201d custom_padding_tablet=\u201d0px|||\u201d custom_padding_phone=\u201d\u201d custom_padding_last_edited=\u201don|tablet\u201d padding_tablet=\u201d0px|||\u201d padding_last_edited=\u201don|tablet\u201d custom_padding__hover=\u201d|||\u201d][et_pb_text _builder_version=\u201d4.8.1\u2033 text_font=\u201d||||||||\u201d text_line_height=\u201d2em\u201d header_font=\u201d||||||||\u201d header_2_font=\u201d|600||on|||||\u201d header_2_text_color=\u201d#004AAD\u201d header_2_font_size=\u201d16px\u201d header_2_letter_spacing=\u201d3px\u201d header_2_line_height=\u201d1.8em\u201d header_3_font=\u201d||||||||\u201d header_4_font=\u201d||||||||\u201d header_5_font=&quot;||||||||&quot; header_6_font=\u201d||||||||\u201d locked=\u201doff\u201d]<\/p>\n<h2>Contact info<\/h2>\n<p>[\/et_pb_text][et_pb_blurb title=&#8221;Tomasz Szczepaniak&#8221; url=&#8221;#&#8221; use_icon=&#8221;on&#8221; font_icon=&#8221;%%258%%&#8221; icon_color=&#8221;#ff454e&#8221; icon_placement=&#8221;left&#8221; use_icon_font_size=&#8221;on&#8221; icon_font_size=&#8221;24px&#8221; _builder_version=&#8221;4.8.1&#8243; header_font=&#8221;|600||on|||||&#8221; header_font_size=&#8221;14px&#8221; header_letter_spacing=&#8221;2px&#8221; header_line_height=&#8221;1.8em&#8221; body_font=&#8221;||||||||&#8221; custom_margin=&#8221;||4px|||&#8221;][\/et_pb_blurb][et_pb_blurb title=&#8221;kontakt@nethouse.tech&#8221; url=&#8221;#&#8221; use_icon=&#8221;on&#8221; font_icon=&#8221;%%109%%&#8221; icon_color=&#8221;#ff454e&#8221; icon_placement=&#8221;left&#8221; use_icon_font_size=&#8221;on&#8221; icon_font_size=&#8221;24px&#8221; _builder_version=&#8221;4.8.1&#8243; header_font=&#8221;|600||on|||||&#8221; header_font_size=&#8221;14px&#8221; header_letter_spacing=&#8221;2px&#8221; header_line_height=&#8221;1.8em&#8221; body_font=&#8221;||||||||&#8221; custom_margin=&#8221;14px||20px|||&#8221;][\/et_pb_blurb][et_pb_blurb title=&#8221;(+48)  660065552&#8243; url=&#8221;tel:+48660065552&#8243; use_icon=&#8221;on&#8221; font_icon=&#8221;%%104%%&#8221; icon_color=&#8221;#ff454e&#8221; icon_placement=&#8221;left&#8221; use_icon_font_size=&#8221;on&#8221; icon_font_size=&#8221;24px&#8221; _builder_version=&#8221;4.8.1&#8243; header_font=&#8221;|600||on|||||&#8221; header_font_size=&#8221;14px&#8221; header_letter_spacing=&#8221;2px&#8221; header_line_height=&#8221;1.8em&#8221; body_font=&#8221;||||||||&#8221; custom_margin=&#8221;||20px|&#8221;][\/et_pb_blurb][\/et_pb_column][et_pb_column type=&#8221;3_5&#8243; _builder_version=&#8221;4.8.1&#8243; background_color=&#8221;#004AAD&#8221; background_color_gradient_direction=&#8221;90deg&#8221; custom_padding=&#8221;80px|60px|80px|60px&#8221; custom_padding_tablet=&#8221;40px|40px|40px|40px|true|true&#8221; custom_padding_phone=&#8221;&#8221; custom_padding_last_edited=&#8221;on|phone&#8221; padding_tablet=&#8221;40px|40px|40px|40px|true|true&#8221; padding_last_edited=&#8221;on|phone&#8221; custom_padding__hover=&#8221;|||&#8221;][et_pb_contact_form email=&#8221;kontakt@nethouse.tech&#8221; module_id=&#8221;et_pb_contact_form_0&#8243; _builder_version=&#8221;4.9.4&#8243; form_field_background_color=&#8221;#ffffff&#8221; form_field_text_color=&#8221;#000000&#8243; form_field_focus_text_color=&#8221;#000000&#8243; title_text_color=&#8221;#000000&#8243; captcha_text_color=&#8221;#000000&#8243; form_field_font=&#8221;Open Sans||||||||&#8221; custom_button=&#8221;on&#8221; button_text_size=&#8221;14px&#8221; button_text_color=&#8221;#ffffff&#8221; button_bg_color=&#8221;rgba(255,255,255,0)&#8221; button_border_width=&#8221;14px&#8221; button_border_color=&#8221;rgba(0,0,0,0)&#8221; button_border_radius=&#8221;0px&#8221; button_letter_spacing=&#8221;2px&#8221; button_font=&#8221;|600||on|||||&#8221; button_icon=&#8221;%%24%%&#8221; button_on_hover=&#8221;off&#8221; hover_enabled=&#8221;0&#8243; border_width_all=&#8221;2px&#8221; border_color_all=&#8221;#ffffff&#8221; box_shadow_style_button=&#8221;preset1&#8243; box_shadow_vertical_button=&#8221;0px&#8221; box_shadow_blur_button=&#8221;0px&#8221; box_shadow_spread_button=&#8221;2px&#8221; box_shadow_color_button=&#8221;#ffffff&#8221; form_background_color=&#8221;#ffffff&#8221; locked=&#8221;off&#8221; custom_message=&#8221;Imi\u0119 &#8211; %%Imie%%||et_pb_line_break_holder||E-mail &#8211; %%Email%%||et_pb_line_break_holder||Temat &#8211; %%Temat%%||et_pb_line_break_holder||Firma &#8211; &#8211; %%Firma%%||et_pb_line_break_holder||Adres www &#8211; %%strona%%||et_pb_line_break_holder||Wiadomosc &#8211; %%Message%%&#8221; sticky_enabled=&#8221;0&#8243;][et_pb_contact_field field_id=&#8221;Imie&#8221; field_title=&#8221;Imie&#8221; _builder_version=&#8221;4.8.1&#8243; button_text_size__hover_enabled=&#8221;off&#8221; button_one_text_size__hover_enabled=&#8221;off&#8221; button_two_text_size__hover_enabled=&#8221;off&#8221; button_text_color__hover_enabled=&#8221;off&#8221; button_one_text_color__hover_enabled=&#8221;off&#8221; button_two_text_color__hover_enabled=&#8221;off&#8221; button_border_width__hover_enabled=&#8221;off&#8221; button_one_border_width__hover_enabled=&#8221;off&#8221; button_two_border_width__hover_enabled=&#8221;off&#8221; button_border_color__hover_enabled=&#8221;off&#8221; button_one_border_color__hover_enabled=&#8221;off&#8221; button_two_border_color__hover_enabled=&#8221;off&#8221; button_border_radius__hover_enabled=&#8221;off&#8221; button_one_border_radius__hover_enabled=&#8221;off&#8221; button_two_border_radius__hover_enabled=&#8221;off&#8221; button_letter_spacing__hover_enabled=&#8221;off&#8221; button_one_letter_spacing__hover_enabled=&#8221;off&#8221; button_two_letter_spacing__hover_enabled=&#8221;off&#8221; button_bg_color__hover_enabled=&#8221;off&#8221; button_one_bg_color__hover_enabled=&#8221;off&#8221; button_two_bg_color__hover_enabled=&#8221;off&#8221;][\/et_pb_contact_field][et_pb_contact_field field_id=&#8221;Email&#8221; field_title=&#8221;Adres E-mail&#8221; field_type=&#8221;email&#8221; _builder_version=&#8221;4.8.1&#8243; button_text_size__hover_enabled=&#8221;off&#8221; button_one_text_size__hover_enabled=&#8221;off&#8221; button_two_text_size__hover_enabled=&#8221;off&#8221; button_text_color__hover_enabled=&#8221;off&#8221; button_one_text_color__hover_enabled=&#8221;off&#8221; button_two_text_color__hover_enabled=&#8221;off&#8221; button_border_width__hover_enabled=&#8221;off&#8221; button_one_border_width__hover_enabled=&#8221;off&#8221; button_two_border_width__hover_enabled=&#8221;off&#8221; button_border_color__hover_enabled=&#8221;off&#8221; button_one_border_color__hover_enabled=&#8221;off&#8221; button_two_border_color__hover_enabled=&#8221;off&#8221; button_border_radius__hover_enabled=&#8221;off&#8221; button_one_border_radius__hover_enabled=&#8221;off&#8221; button_two_border_radius__hover_enabled=&#8221;off&#8221; button_letter_spacing__hover_enabled=&#8221;off&#8221; button_one_letter_spacing__hover_enabled=&#8221;off&#8221; button_two_letter_spacing__hover_enabled=&#8221;off&#8221; button_bg_color__hover_enabled=&#8221;off&#8221; button_one_bg_color__hover_enabled=&#8221;off&#8221; button_two_bg_color__hover_enabled=&#8221;off&#8221;][\/et_pb_contact_field][et_pb_contact_field field_id=&#8221;Temat&#8221; field_title=&#8221;Temat&#8221; required_mark=&#8221;off&#8221; _builder_version=&#8221;4.8.1&#8243; button_text_size__hover_enabled=&#8221;off&#8221; button_one_text_size__hover_enabled=&#8221;off&#8221; button_two_text_size__hover_enabled=&#8221;off&#8221; button_text_color__hover_enabled=&#8221;off&#8221; button_one_text_color__hover_enabled=&#8221;off&#8221; button_two_text_color__hover_enabled=&#8221;off&#8221; button_border_width__hover_enabled=&#8221;off&#8221; button_one_border_width__hover_enabled=&#8221;off&#8221; button_two_border_width__hover_enabled=&#8221;off&#8221; button_border_color__hover_enabled=&#8221;off&#8221; button_one_border_color__hover_enabled=&#8221;off&#8221; button_two_border_color__hover_enabled=&#8221;off&#8221; button_border_radius__hover_enabled=&#8221;off&#8221; button_one_border_radius__hover_enabled=&#8221;off&#8221; button_two_border_radius__hover_enabled=&#8221;off&#8221; button_letter_spacing__hover_enabled=&#8221;off&#8221; button_one_letter_spacing__hover_enabled=&#8221;off&#8221; button_two_letter_spacing__hover_enabled=&#8221;off&#8221; button_bg_color__hover_enabled=&#8221;off&#8221; button_one_bg_color__hover_enabled=&#8221;off&#8221; button_two_bg_color__hover_enabled=&#8221;off&#8221;][\/et_pb_contact_field][et_pb_contact_field field_id=&#8221;Firma&#8221; field_title=&#8221;Firma&#8221; required_mark=&#8221;off&#8221; _builder_version=&#8221;4.8.1&#8243; custom_margin=&#8221;|||&#8221; button_text_size__hover_enabled=&#8221;off&#8221; button_one_text_size__hover_enabled=&#8221;off&#8221; button_two_text_size__hover_enabled=&#8221;off&#8221; button_text_color__hover_enabled=&#8221;off&#8221; button_one_text_color__hover_enabled=&#8221;off&#8221; button_two_text_color__hover_enabled=&#8221;off&#8221; button_border_width__hover_enabled=&#8221;off&#8221; button_one_border_width__hover_enabled=&#8221;off&#8221; button_two_border_width__hover_enabled=&#8221;off&#8221; button_border_color__hover_enabled=&#8221;off&#8221; button_one_border_color__hover_enabled=&#8221;off&#8221; button_two_border_color__hover_enabled=&#8221;off&#8221; button_border_radius__hover_enabled=&#8221;off&#8221; button_one_border_radius__hover_enabled=&#8221;off&#8221; button_two_border_radius__hover_enabled=&#8221;off&#8221; button_letter_spacing__hover_enabled=&#8221;off&#8221; button_one_letter_spacing__hover_enabled=&#8221;off&#8221; button_two_letter_spacing__hover_enabled=&#8221;off&#8221; button_bg_color__hover_enabled=&#8221;off&#8221; button_one_bg_color__hover_enabled=&#8221;off&#8221; button_two_bg_color__hover_enabled=&#8221;off&#8221;][\/et_pb_contact_field][et_pb_contact_field field_id=&#8221;strona&#8221; field_title=&#8221;Adres strony &#8211; je\u015bli posiadasz&#8221; required_mark=&#8221;off&#8221; fullwidth_field=&#8221;on&#8221; _builder_version=&#8221;4.8.1&#8243; custom_margin=&#8221;|||&#8221; button_text_size__hover_enabled=&#8221;off&#8221; button_one_text_size__hover_enabled=&#8221;off&#8221; button_two_text_size__hover_enabled=&#8221;off&#8221; button_text_color__hover_enabled=&#8221;off&#8221; button_one_text_color__hover_enabled=&#8221;off&#8221; button_two_text_color__hover_enabled=&#8221;off&#8221; button_border_width__hover_enabled=&#8221;off&#8221; button_one_border_width__hover_enabled=&#8221;off&#8221; button_two_border_width__hover_enabled=&#8221;off&#8221; button_border_color__hover_enabled=&#8221;off&#8221; button_one_border_color__hover_enabled=&#8221;off&#8221; button_two_border_color__hover_enabled=&#8221;off&#8221; button_border_radius__hover_enabled=&#8221;off&#8221; button_one_border_radius__hover_enabled=&#8221;off&#8221; button_two_border_radius__hover_enabled=&#8221;off&#8221; button_letter_spacing__hover_enabled=&#8221;off&#8221; button_one_letter_spacing__hover_enabled=&#8221;off&#8221; button_two_letter_spacing__hover_enabled=&#8221;off&#8221; button_bg_color__hover_enabled=&#8221;off&#8221; button_one_bg_color__hover_enabled=&#8221;off&#8221; button_two_bg_color__hover_enabled=&#8221;off&#8221;][\/et_pb_contact_field][et_pb_contact_field field_id=&#8221;Message&#8221; field_title=&#8221;Wiadomo\u015b\u0107&#8221; field_type=&#8221;text&#8221; fullwidth_field=&#8221;on&#8221; _builder_version=&#8221;4.8.1&#8243; custom_margin=&#8221;||30px|&#8221; button_text_size__hover_enabled=&#8221;off&#8221; button_one_text_size__hover_enabled=&#8221;off&#8221; button_two_text_size__hover_enabled=&#8221;off&#8221; button_text_color__hover_enabled=&#8221;off&#8221; button_one_text_color__hover_enabled=&#8221;off&#8221; button_two_text_color__hover_enabled=&#8221;off&#8221; button_border_width__hover_enabled=&#8221;off&#8221; button_one_border_width__hover_enabled=&#8221;off&#8221; button_two_border_width__hover_enabled=&#8221;off&#8221; button_border_color__hover_enabled=&#8221;off&#8221; button_one_border_color__hover_enabled=&#8221;off&#8221; button_two_border_color__hover_enabled=&#8221;off&#8221; button_border_radius__hover_enabled=&#8221;off&#8221; button_one_border_radius__hover_enabled=&#8221;off&#8221; button_two_border_radius__hover_enabled=&#8221;off&#8221; button_letter_spacing__hover_enabled=&#8221;off&#8221; button_one_letter_spacing__hover_enabled=&#8221;off&#8221; button_two_letter_spacing__hover_enabled=&#8221;off&#8221; button_bg_color__hover_enabled=&#8221;off&#8221; button_one_bg_color__hover_enabled=&#8221;off&#8221; button_two_bg_color__hover_enabled=&#8221;off&#8221;][\/et_pb_contact_field][\/et_pb_contact_form][\/et_pb_column][\/et_pb_row][\/et_pb_section]<\/p>","protected":false},"excerpt":{"rendered":"<p>Need a quote? Have any questions about the services I offer? Contact me, I will definitely answer your questionsContact Information<\/p>","protected":false},"author":1,"featured_media":0,"parent":0,"menu_order":0,"comment_status":"closed","ping_status":"closed","template":"","meta":{"_et_pb_use_builder":"on","_et_pb_old_content":"<!-- wp:divi\/placeholder \/-->","_et_gb_content_width":"","footnotes":""},"class_list":["post-281","page","type-page","status-publish","hentry"],"yoast_head":"<!-- This site is optimized with the Yoast SEO plugin v26.8 - https:\/\/yoast.com\/product\/yoast-seo-wordpress\/ -->\n<title>Kontakt - Nethouse<\/title>\n<meta name=\"robots\" content=\"index, follow, max-snippet:-1, max-image-preview:large, max-video-preview:-1\" \/>\n<link rel=\"canonical\" href=\"https:\/\/www.nethouse.tech\/en\/kontakt\/\" \/>\n<meta property=\"og:locale\" content=\"en_GB\" \/>\n<meta property=\"og:type\" content=\"article\" \/>\n<meta property=\"og:title\" content=\"Kontakt - Nethouse\" \/>\n<meta property=\"og:description\" content=\"Potrzebujesz wyceny? Masz jakie\u015b pytania odno\u015bnie oferowanych przeze mnie us\u0142ug? Skontaktuj si\u0119 ze mn\u0105, na pewno odpowiem na Twoje pytaniaInformacje kontaktowe\" \/>\n<meta property=\"og:url\" content=\"https:\/\/www.nethouse.tech\/en\/kontakt\/\" \/>\n<meta property=\"og:site_name\" content=\"Nethouse\" \/>\n<meta property=\"article:modified_time\" content=\"2023-01-04T16:26:41+00:00\" \/>\n<meta name=\"twitter:card\" content=\"summary_large_image\" \/>\n<meta name=\"twitter:label1\" content=\"Estimated reading time\" \/>\n\t<meta name=\"twitter:data1\" content=\"10 minutes\" \/>\n<script type=\"application\/ld+json\" class=\"yoast-schema-graph\">{\"@context\":\"https:\/\/schema.org\",\"@graph\":[{\"@type\":\"WebPage\",\"@id\":\"https:\/\/www.nethouse.tech\/kontakt\/\",\"url\":\"https:\/\/www.nethouse.tech\/kontakt\/\",\"name\":\"Kontakt - Nethouse\",\"isPartOf\":{\"@id\":\"https:\/\/www.nethouse.tech\/#website\"},\"datePublished\":\"2021-03-30T13:18:26+00:00\",\"dateModified\":\"2023-01-04T16:26:41+00:00\",\"breadcrumb\":{\"@id\":\"https:\/\/www.nethouse.tech\/kontakt\/#breadcrumb\"},\"inLanguage\":\"en-GB\",\"potentialAction\":[{\"@type\":\"ReadAction\",\"target\":[\"https:\/\/www.nethouse.tech\/kontakt\/\"]}]},{\"@type\":\"BreadcrumbList\",\"@id\":\"https:\/\/www.nethouse.tech\/kontakt\/#breadcrumb\",\"itemListElement\":[{\"@type\":\"ListItem\",\"position\":1,\"name\":\"Strona g\u0142\u00f3wna\",\"item\":\"https:\/\/www.nethouse.tech\/\"},{\"@type\":\"ListItem\",\"position\":2,\"name\":\"Kontakt\"}]},{\"@type\":\"WebSite\",\"@id\":\"https:\/\/www.nethouse.tech\/#website\",\"url\":\"https:\/\/www.nethouse.tech\/\",\"name\":\"Nethouse\",\"description\":\"Us\u0142ugi internetowe - Tomasz Szczepaniak\",\"potentialAction\":[{\"@type\":\"SearchAction\",\"target\":{\"@type\":\"EntryPoint\",\"urlTemplate\":\"https:\/\/www.nethouse.tech\/?s={search_term_string}\"},\"query-input\":{\"@type\":\"PropertyValueSpecification\",\"valueRequired\":true,\"valueName\":\"search_term_string\"}}],\"inLanguage\":\"en-GB\"}]}<\/script>\n<!-- \/ Yoast SEO plugin. -->","yoast_head_json":{"title":"Kontakt - Nethouse","robots":{"index":"index","follow":"follow","max-snippet":"max-snippet:-1","max-image-preview":"max-image-preview:large","max-video-preview":"max-video-preview:-1"},"canonical":"https:\/\/www.nethouse.tech\/en\/kontakt\/","og_locale":"en_GB","og_type":"article","og_title":"Kontakt - Nethouse","og_description":"Potrzebujesz wyceny? Masz jakie\u015b pytania odno\u015bnie oferowanych przeze mnie us\u0142ug? Skontaktuj si\u0119 ze mn\u0105, na pewno odpowiem na Twoje pytaniaInformacje kontaktowe","og_url":"https:\/\/www.nethouse.tech\/en\/kontakt\/","og_site_name":"Nethouse","article_modified_time":"2023-01-04T16:26:41+00:00","twitter_card":"summary_large_image","twitter_misc":{"Estimated reading time":"10 minutes"},"schema":{"@context":"https:\/\/schema.org","@graph":[{"@type":"WebPage","@id":"https:\/\/www.nethouse.tech\/kontakt\/","url":"https:\/\/www.nethouse.tech\/kontakt\/","name":"Kontakt - Nethouse","isPartOf":{"@id":"https:\/\/www.nethouse.tech\/#website"},"datePublished":"2021-03-30T13:18:26+00:00","dateModified":"2023-01-04T16:26:41+00:00","breadcrumb":{"@id":"https:\/\/www.nethouse.tech\/kontakt\/#breadcrumb"},"inLanguage":"en-GB","potentialAction":[{"@type":"ReadAction","target":["https:\/\/www.nethouse.tech\/kontakt\/"]}]},{"@type":"BreadcrumbList","@id":"https:\/\/www.nethouse.tech\/kontakt\/#breadcrumb","itemListElement":[{"@type":"ListItem","position":1,"name":"Strona g\u0142\u00f3wna","item":"https:\/\/www.nethouse.tech\/"},{"@type":"ListItem","position":2,"name":"Kontakt"}]},{"@type":"WebSite","@id":"https:\/\/www.nethouse.tech\/#website","url":"https:\/\/www.nethouse.tech\/","name":"Nethouse","description":"Internet services - Tomasz Szczepaniak","potentialAction":[{"@type":"SearchAction","target":{"@type":"EntryPoint","urlTemplate":"https:\/\/www.nethouse.tech\/?s={search_term_string}"},"query-input":{"@type":"PropertyValueSpecification","valueRequired":true,"valueName":"search_term_string"}}],"inLanguage":"en-GB"}]}},"_links":{"self":[{"href":"https:\/\/www.nethouse.tech\/en\/wp-json\/wp\/v2\/pages\/281","targetHints":{"allow":["GET"]}}],"collection":[{"href":"https:\/\/www.nethouse.tech\/en\/wp-json\/wp\/v2\/pages"}],"about":[{"href":"https:\/\/www.nethouse.tech\/en\/wp-json\/wp\/v2\/types\/page"}],"author":[{"embeddable":true,"href":"https:\/\/www.nethouse.tech\/en\/wp-json\/wp\/v2\/users\/1"}],"replies":[{"embeddable":true,"href":"https:\/\/www.nethouse.tech\/en\/wp-json\/wp\/v2\/comments?post=281"}],"version-history":[{"count":15,"href":"https:\/\/www.nethouse.tech\/en\/wp-json\/wp\/v2\/pages\/281\/revisions"}],"predecessor-version":[{"id":1021,"href":"https:\/\/www.nethouse.tech\/en\/wp-json\/wp\/v2\/pages\/281\/revisions\/1021"}],"wp:attachment":[{"href":"https:\/\/www.nethouse.tech\/en\/wp-json\/wp\/v2\/media?parent=281"}],"curies":[{"name":"wp","href":"https:\/\/api.w.org\/{rel}","templated":true}]}}